{"id":155,"date":"2025-05-01T19:15:32","date_gmt":"2025-05-01T17:15:32","guid":{"rendered":"https:\/\/trollskogenparsell.no\/?page_id=155"},"modified":"2025-05-01T19:15:32","modified_gmt":"2025-05-01T17:15:32","slug":"personvernerklaering","status":"publish","type":"page","link":"https:\/\/trollskogenparsell.no\/?page_id=155","title":{"rendered":"Personvernerkl\u00e6ring"},"content":{"rendered":"\n<p>Trollskogen parsellhage er behandlingsansvarlig for behandlingen av personopplysninger som beskrevet i denne personvernerkl\u00e6ringen. I denne personvernerkl\u00e6ringen forklarer vi hva slags personopplysninger vi lagrer og hvordan vi behandler de. Denne personvernerkl\u00e6ringen gjelder for: https:\/\/www.trollskogenparsell.no\/<\/p>\n\n\n\n<h2 class=\"wp-block-heading\">Personopplysninger vi samler inn og behandler<\/h2>\n\n\n\n<p>Vi behandler f\u00f8lgende kategorier av personopplysninger:<\/p>\n\n\n\n<ul class=\"wp-block-list\">\n<li><strong>Grunnleggende informasjon<\/strong>: Navn.<\/li>\n\n\n\n<li><strong>Kontaktinformasjon<\/strong>: E-postadresse, telefonnummer.<\/li>\n\n\n\n<li><strong>Tekst du skriver til oss<\/strong>: Hvis du s\u00f8ker om parsell, ber vi deg skrive noen ord om hvorfor du vil ha en parsell.<\/li>\n\n\n\n<li><strong>Aktivitet<\/strong>: Lese- og handlingshistorikk p\u00e5 nettsiden, samt teknisk informasjon om enhetene du bruker.<\/li>\n<\/ul>\n\n\n\n<p>Personopplysningene samles inn direkte fra deg gjennom informasjon du oppgir til oss og i forbindelse med at du bruker v\u00e5re tjenester og produkter.<\/p>\n\n\n\n<h2 class=\"wp-block-heading\">Hvordan vi bruker personopplysningene<\/h2>\n\n\n\n<h3 class=\"wp-block-heading\">Behandling av s\u00f8knader og henvendelser<\/h3>\n\n\n\n<p>Vi bruker dine personopplysninger til \u00e5 behandle s\u00f8knader om parsell, eller n\u00e5r du kontakter oss av andre grunner. Det rettslige grunnlaget for \u00e5 behandle personopplysninger til dette form\u00e5let er at behandlingen er n\u00f8dvendig for \u00e5 behandle s\u00f8knaden og for \u00e5 svare ut henvendelser.<\/p>\n\n\n\n<h3 class=\"wp-block-heading\">Systemoverv\u00e5king, feilretting mm.<\/h3>\n\n\n\n<p>Vi overv\u00e5ker v\u00e5re systemer etter feil og problemer. En del av disse prosessene inneb\u00e6rer lagring og behandling av personopplysninger. Det rettslige grunnlaget for \u00e5 behandle personopplysninger til dette form\u00e5let er v\u00e5r berettigede interesse.<\/p>\n\n\n\n<h3 class=\"wp-block-heading\">Sikkerhet, avdekking av svindel og kriminelle handlinger<\/h3>\n\n\n\n<p>Vi behandler personopplysninger i v\u00e5rt arbeid med \u00e5 beskytte v\u00e5re brukere og oss selv mot svindelaktivitet, misbruk og kriminelle handlinger. Det rettslige grunnlaget for \u00e5 behandle personopplysninger til dette form\u00e5let er v\u00e5r berettigede interesse.<\/p>\n\n\n\n<h2 class=\"wp-block-heading\">Dine rettigheter<\/h2>\n\n\n\n<p>Dersom du \u00f8nsker \u00e5 ut\u00f8ve noen av dine rettigheter, ta kontakt med oss p\u00e5 personvern@trollskogenparsell.no.<\/p>\n\n\n\n<h3 class=\"wp-block-heading\">Rett til innsyn i egne opplysninger<\/h3>\n\n\n\n<p>Du kan be om en kopi av alle opplysninger vi behandler om deg. Ta kontakt p\u00e5 epostadressen ovenfor for \u00e5 bruke innsynsretten din.<\/p>\n\n\n\n<h3 class=\"wp-block-heading\">Rett til korrigering av personopplysninger<\/h3>\n\n\n\n<p>Du har rett til \u00e5 be oss rette eller supplere opplysninger som er feilaktige eller misvisende.<\/p>\n\n\n\n<h3 class=\"wp-block-heading\">Retten til sletting av personopplysninger<\/h3>\n\n\n\n<p>Du har rett til \u00e5 f\u00e5 dine personopplysninger slettet uten ugrunnet opphold. Du kan derfor n\u00e5r som helst be oss slette opplysninger om deg selv. Men merk at informasjon som vi er p\u00e5lagt beholde av hensyn til andre rettslige forpliktelser (som for eksempel bokf\u00f8ringsloven) ikke vil bli slettet.<\/p>\n\n\n\n<h3 class=\"wp-block-heading\">Begrensning av behandling av personopplysninger<\/h3>\n\n\n\n<p>I noen situasjoner kan du ogs\u00e5 be oss begrense behandlingen av opplysninger om deg. Dette gj\u00f8r du ved \u00e5 administrere samtykker eller reservasjoner i v\u00e5re l\u00f8sninger.<\/p>\n\n\n\n<h3 class=\"wp-block-heading\">Protestere mot en behandling av personopplysninger<\/h3>\n\n\n\n<p>Dersom vi behandler opplysninger om deg med grunnlag i v\u00e5re oppgaver eller p\u00e5 bakgrunn av en interesseavveining, har du rett til \u00e5 protestere p\u00e5 v\u00e5r behandling av opplysninger om deg. Dette gj\u00f8r du ved \u00e5 administrere samtykker eller reservasjoner i v\u00e5re l\u00f8sninger.<\/p>\n\n\n\n<h3 class=\"wp-block-heading\">Dataportabilitet<\/h3>\n\n\n\n<p>Du har rett til \u00e5 f\u00e5 utlevert dine personopplysninger i et strukturert, alminnelig anvendt og maskinlesbart format. Ta kontakt p\u00e5 epostadressen ovenfor for \u00e5 f\u00e5 utlevert dine personopplysninger.<\/p>\n\n\n\n<h3 class=\"wp-block-heading\">Du kan klage p\u00e5 v\u00e5r behandling av personopplysninger<\/h3>\n\n\n\n<p>Vi h\u00e5per du vil si ifra dersom du mener vi ikke overholder reglene i personopplysningsloven. Si da gjerne f\u00f8rst i fra gjennom den kontakten eller kanalen du allerede har etablert med oss. Du kan ogs\u00e5 klage over v\u00e5r behandling av personopplysninger. Dette gj\u00f8r du til <a href=\"https:\/\/www.datatilsynet.no\/\">Datatilsynet<\/a>.<\/p>\n","protected":false},"excerpt":{"rendered":"<p>Trollskogen parsellhage er behandlingsansvarlig for behandlingen av personopplysninger som beskrevet i denne personvernerkl\u00e6ringen. I denne personvernerkl\u00e6ringen forklarer vi hva slags personopplysninger vi lagrer og hvordan vi behandler de. Denne personvernerkl\u00e6ringen gjelder for: https:\/\/www.trollskogenparsell.no\/ Personopplysninger vi samler inn og behandler Vi behandler f\u00f8lgende kategorier av personopplysninger: Personopplysningene samles inn direkte fra deg gjennom informasjon du oppgir [&hellip;]<\/p>\n","protected":false},"author":1,"featured_media":0,"parent":0,"menu_order":0,"comment_status":"closed","ping_status":"closed","template":"","meta":{"footnotes":""},"class_list":["post-155","page","type-page","status-publish","hentry"],"_links":{"self":[{"href":"https:\/\/trollskogenparsell.no\/index.php?rest_route=\/wp\/v2\/pages\/155","targetHints":{"allow":["GET"]}}],"collection":[{"href":"https:\/\/trollskogenparsell.no\/index.php?rest_route=\/wp\/v2\/pages"}],"about":[{"href":"https:\/\/trollskogenparsell.no\/index.php?rest_route=\/wp\/v2\/types\/page"}],"author":[{"embeddable":true,"href":"https:\/\/trollskogenparsell.no\/index.php?rest_route=\/wp\/v2\/users\/1"}],"replies":[{"embeddable":true,"href":"https:\/\/trollskogenparsell.no\/index.php?rest_route=%2Fwp%2Fv2%2Fcomments&post=155"}],"version-history":[{"count":1,"href":"https:\/\/trollskogenparsell.no\/index.php?rest_route=\/wp\/v2\/pages\/155\/revisions"}],"predecessor-version":[{"id":156,"href":"https:\/\/trollskogenparsell.no\/index.php?rest_route=\/wp\/v2\/pages\/155\/revisions\/156"}],"wp:attachment":[{"href":"https:\/\/trollskogenparsell.no\/index.php?rest_route=%2Fwp%2Fv2%2Fmedia&parent=155"}],"curies":[{"name":"wp","href":"https:\/\/api.w.org\/{rel}","templated":true}]}}